{"id":3249,"date":"2022-09-02T13:09:42","date_gmt":"2022-09-02T13:09:42","guid":{"rendered":"https:\/\/the7.io\/winery\/?page_id=3249"},"modified":"2024-05-09T17:18:45","modified_gmt":"2024-05-09T17:18:45","slug":"demo-design-system","status":"publish","type":"page","link":"https:\/\/vinoenvivo.com\/index.php\/demo-design-system\/","title":{"rendered":"Aviso legal"},"content":{"rendered":"\t\t<div data-elementor-type=\"wp-page\" data-elementor-id=\"3249\" class=\"elementor elementor-3249\" data-elementor-post-type=\"page\">\n\t\t\t\t\t\t<section class=\"elementor-section elementor-top-section elementor-element elementor-element-88edaca elementor-section-boxed elementor-section-height-default elementor-section-height-default\" data-id=\"88edaca\" data-element_type=\"section\" data-e-type=\"section\">\n\t\t\t\t\t\t<div class=\"elementor-container elementor-column-gap-wide\">\n\t\t\t\t\t<div class=\"elementor-column elementor-col-100 elementor-top-column elementor-element elementor-element-ea28b2a\" data-id=\"ea28b2a\" data-element_type=\"column\" data-e-type=\"column\">\n\t\t\t<div class=\"elementor-widget-wrap elementor-element-populated\">\n\t\t\t\t\t\t<div class=\"elementor-element elementor-element-fd9cf86 elementor-widget elementor-widget-heading\" data-id=\"fd9cf86\" data-element_type=\"widget\" data-e-type=\"widget\" data-widget_type=\"heading.default\">\n\t\t\t\t<div class=\"elementor-widget-container\">\n\t\t\t\t\t<h6 class=\"elementor-heading-title elementor-size-default\">Main content styles<\/h6>\t\t\t\t<\/div>\n\t\t\t\t<\/div>\n\t\t\t\t<div class=\"elementor-element elementor-element-b1a4fd4 elementor-widget elementor-widget-spacer\" data-id=\"b1a4fd4\" data-element_type=\"widget\" data-e-type=\"widget\" data-widget_type=\"spacer.default\">\n\t\t\t\t<div class=\"elementor-widget-container\">\n\t\t\t\t\t\t\t<div class=\"elementor-spacer\">\n\t\t\t<div class=\"elementor-spacer-inner\"><\/div>\n\t\t<\/div>\n\t\t\t\t\t\t<\/div>\n\t\t\t\t<\/div>\n\t\t\t\t<div class=\"elementor-element elementor-element-31edd7d elementor-widget elementor-widget-spacer\" data-id=\"31edd7d\" data-element_type=\"widget\" data-e-type=\"widget\" data-widget_type=\"spacer.default\">\n\t\t\t\t<div class=\"elementor-widget-container\">\n\t\t\t\t\t\t\t<div class=\"elementor-spacer\">\n\t\t\t<div class=\"elementor-spacer-inner\"><\/div>\n\t\t<\/div>\n\t\t\t\t\t\t<\/div>\n\t\t\t\t<\/div>\n\t\t\t\t<div class=\"elementor-element elementor-element-d690791 elementor-widget elementor-widget-text-editor\" data-id=\"d690791\" data-element_type=\"widget\" data-e-type=\"widget\" data-widget_type=\"text-editor.default\">\n\t\t\t\t<div class=\"elementor-widget-container\">\n\t\t\t\t\t\t\t\t\t<p><strong>AVISO LEGAL<\/strong><\/p><p>VASCO LAN\u00c7A PERDIG\u00c3O, en adelante EL RESPONSABLE, pone a disposici\u00f3n de los usuarios el presente aviso legal, con el fin de cumplir con las obligaciones establecidas en la Ley 34\/2002, de 11 de julio, de Servicios de la Sociedad de la Informaci\u00f3n y de Comercio Electr\u00f3nico (LSSICE), informando a todos los usuarios del sitio web sobre las condiciones de uso del mismo.<\/p><p>El acceso y uso del sitio web atribuye la condici\u00f3n de usuario, quien acepta las condiciones aqu\u00ed dispuestas y cualquier otra disposici\u00f3n legal aplicable.<\/p><p>EL RESPONSABLE se reserva el derecho de modificar cualquier informaci\u00f3n del sitio web sin previo aviso, siendo suficiente su publicaci\u00f3n en el mismo.<\/p><p><strong>1. DATOS IDENTIFICATIVOS<\/strong><\/p><ul><li>Denominaci\u00f3n social: VASCO LAN\u00c7A PERDIG\u00c3O<\/li><li>NIE: Y4119073V<\/li><li>Domicilio social: Calle Francisco Silvela N\u00ba3, 28028 &#8211; Madrid, Espa\u00f1a<\/li><\/ul><p>Para contactar con nosotros, disponemos de los siguientes medios:<\/p><ul><li>Tel\u00e9fono: +34 603 69 91 40<\/li><li>Correo electr\u00f3nico: <a target=\"_new\" rel=\"noreferrer\">info@vinoenvivo.com<\/a><\/li><\/ul><p>Toda comunicaci\u00f3n entre los usuarios y EL RESPONSABLE se considerar\u00e1 efectiva mediante correo postal o cualquiera de los medios de contacto proporcionados.<\/p><p><strong>2. OBJETO<\/strong><\/p><p>El sitio web tiene como objetivo ofrecer a los usuarios informaci\u00f3n sobre nuestros servicios.<\/p><p><strong>3. PRIVACIDAD Y TRATAMIENTO DE DATOS<\/strong><\/p><p>El usuario se compromete a proporcionar datos veraces, exactos y actualizados. Los datos personales ser\u00e1n tratados conforme a lo establecido en la Pol\u00edtica de Privacidad.<\/p><p><strong>4. PROPIEDAD INTELECTUAL E INDUSTRIAL<\/strong><\/p><p>Todos los contenidos del sitio web est\u00e1n protegidos por derechos de propiedad intelectual e industrial. Queda prohibida su reproducci\u00f3n o distribuci\u00f3n sin autorizaci\u00f3n.<\/p><p><strong>5. OBLIGACIONES Y RESPONSABILIDADES DEL USUARIO<\/strong><\/p><p>El usuario se compromete a hacer un uso adecuado y l\u00edcito del sitio web y a no realizar acciones que puedan da\u00f1arlo o afectar su funcionamiento.<\/p><p><strong>6. RESPONSABILIDADES<\/strong><\/p><p>EL RESPONSABLE no se hace responsable de posibles interrupciones o fallos en el funcionamiento del sitio web.<\/p><p><strong>7. HIPERV\u00cdNCULOS<\/strong><\/p><p>No se permite la reproducci\u00f3n del sitio web ni de sus contenidos sin autorizaci\u00f3n previa. Los enlaces a otros sitios web son responsabilidad de dichos sitios y no implican relaci\u00f3n alguna con EL RESPONSABLE.<\/p><p><strong>8. PROTECCI\u00d3N DE DATOS<\/strong><\/p><p>Los datos personales ser\u00e1n tratados conforme a lo establecido en la normativa vigente sobre protecci\u00f3n de datos.<\/p><p><strong>9. COOKIES<\/strong><\/p><p>El sitio web utiliza cookies para mejorar la experiencia del usuario. El usuario puede configurar su navegador para aceptar o rechazar las cookies.<\/p><p><strong>10. DECLARACIONES<\/strong><\/p><p>Los contenidos del sitio web tienen car\u00e1cter meramente informativo y no se otorga garant\u00eda alguna sobre los mismos.<\/p><p><strong>11. FUERZA MAYOR<\/strong><\/p><p>EL RESPONSABLE no ser\u00e1 responsable en caso de imposibilidad de prestar servicio debido a causas de fuerza mayor.<\/p><p><strong>12. RESOLUCI\u00d3N DE CONTROVERSIAS. LEY APLICABLE Y JURISDICCI\u00d3N<\/strong><\/p><p>Cualquier controversia ser\u00e1 sometida a la legislaci\u00f3n espa\u00f1ola y a los tribunales de Madrid.<\/p><p><strong>13. GARANT\u00cdA<\/strong><\/p><p>Se ofrece garant\u00eda legal sobre los productos vendidos, salvo en casos de mal uso o falta de mantenimiento.<\/p><p><strong>14. FORMULARIO DE DESESTIMIENTO<\/strong><\/p><p>Se facilita un formulario de desistimiento para ejercer el derecho de desistimiento de acuerdo con la normativa aplicable.<\/p><p><strong>15. HOJAS DE RECLAMACI\u00d3N<\/strong><\/p><p>En caso de disconformidad, el usuario puede acceder a hojas de reclamaci\u00f3n disponibles en la comunidad de Madrid.<\/p><p><strong>16. RESOLUCI\u00d3N DE LITIGIOS EN L\u00cdNEA DE LA COMISI\u00d3N EUROPEA<\/strong><\/p><p>Se facilita un enlace para la resoluci\u00f3n de litigios en l\u00ednea de la Comisi\u00f3n Europea.<\/p><p>Este aviso legal est\u00e1 sujeto a cambios sin previo aviso, por lo que se recomienda su revisi\u00f3n peri\u00f3dica.<\/p>\t\t\t\t\t\t\t\t<\/div>\n\t\t\t\t<\/div>\n\t\t\t\t<div class=\"elementor-element elementor-element-4785c74 elementor-widget elementor-widget-spacer\" data-id=\"4785c74\" data-element_type=\"widget\" data-e-type=\"widget\" data-widget_type=\"spacer.default\">\n\t\t\t\t<div class=\"elementor-widget-container\">\n\t\t\t\t\t\t\t<div class=\"elementor-spacer\">\n\t\t\t<div class=\"elementor-spacer-inner\"><\/div>\n\t\t<\/div>\n\t\t\t\t\t\t<\/div>\n\t\t\t\t<\/div>\n\t\t\t\t<div class=\"elementor-element elementor-element-4ba2186 elementor-widget elementor-widget-spacer\" data-id=\"4ba2186\" data-element_type=\"widget\" data-e-type=\"widget\" data-widget_type=\"spacer.default\">\n\t\t\t\t<div class=\"elementor-widget-container\">\n\t\t\t\t\t\t\t<div class=\"elementor-spacer\">\n\t\t\t<div class=\"elementor-spacer-inner\"><\/div>\n\t\t<\/div>\n\t\t\t\t\t\t<\/div>\n\t\t\t\t<\/div>\n\t\t\t\t\t<\/div>\n\t\t<\/div>\n\t\t\t\t\t<\/div>\n\t\t<\/section>\n\t\t\t\t<section class=\"elementor-section elementor-top-section elementor-element elementor-element-1bfdee5 elementor-section-boxed elementor-section-height-default elementor-section-height-default\" data-id=\"1bfdee5\" data-element_type=\"section\" data-e-type=\"section\">\n\t\t\t\t\t\t<div class=\"elementor-container elementor-column-gap-wide\">\n\t\t\t\t\t<div class=\"elementor-column elementor-col-100 elementor-top-column elementor-element elementor-element-b515aaf\" data-id=\"b515aaf\" data-element_type=\"column\" data-e-type=\"column\">\n\t\t\t<div class=\"elementor-widget-wrap\">\n\t\t\t\t\t\t\t<\/div>\n\t\t<\/div>\n\t\t\t\t\t<\/div>\n\t\t<\/section>\n\t\t\t\t<section class=\"elementor-section elementor-top-section elementor-element elementor-element-b375d65 elementor-section-boxed elementor-section-height-default elementor-section-height-default\" data-id=\"b375d65\" data-element_type=\"section\" data-e-type=\"section\">\n\t\t\t\t\t\t<div class=\"elementor-container elementor-column-gap-wide\">\n\t\t\t\t\t<div class=\"elementor-column elementor-col-100 elementor-top-column elementor-element elementor-element-1a7b0cb\" data-id=\"1a7b0cb\" data-element_type=\"column\" data-e-type=\"column\">\n\t\t\t<div class=\"elementor-widget-wrap\">\n\t\t\t\t\t\t\t<\/div>\n\t\t<\/div>\n\t\t\t\t\t<\/div>\n\t\t<\/section>\n\t\t\t\t<\/div>\n\t\t","protected":false},"excerpt":{"rendered":"<p>Main content styles AVISO LEGAL VASCO LAN\u00c7A PERDIG\u00c3O, en adelante EL RESPONSABLE, pone a disposici\u00f3n de los usuarios el presente aviso legal, con el fin de cumplir con las obligaciones establecidas en la Ley 34\/2002, de 11 de julio, de Servicios de la Sociedad de la Informaci\u00f3n y de Comercio Electr\u00f3nico (LSSICE), informando a todos&hellip;<\/p>\n","protected":false},"author":1,"featured_media":2140,"parent":0,"menu_order":990,"comment_status":"closed","ping_status":"closed","template":"","meta":{"footnotes":""},"class_list":["post-3249","page","type-page","status-publish","has-post-thumbnail","hentry"],"_links":{"self":[{"href":"https:\/\/vinoenvivo.com\/index.php\/wp-json\/wp\/v2\/pages\/3249","targetHints":{"allow":["GET"]}}],"collection":[{"href":"https:\/\/vinoenvivo.com\/index.php\/wp-json\/wp\/v2\/pages"}],"about":[{"href":"https:\/\/vinoenvivo.com\/index.php\/wp-json\/wp\/v2\/types\/page"}],"author":[{"embeddable":true,"href":"https:\/\/vinoenvivo.com\/index.php\/wp-json\/wp\/v2\/users\/1"}],"replies":[{"embeddable":true,"href":"https:\/\/vinoenvivo.com\/index.php\/wp-json\/wp\/v2\/comments?post=3249"}],"version-history":[{"count":6,"href":"https:\/\/vinoenvivo.com\/index.php\/wp-json\/wp\/v2\/pages\/3249\/revisions"}],"predecessor-version":[{"id":3570,"href":"https:\/\/vinoenvivo.com\/index.php\/wp-json\/wp\/v2\/pages\/3249\/revisions\/3570"}],"wp:featuredmedia":[{"embeddable":true,"href":"https:\/\/vinoenvivo.com\/index.php\/wp-json\/wp\/v2\/media\/2140"}],"wp:attachment":[{"href":"https:\/\/vinoenvivo.com\/index.php\/wp-json\/wp\/v2\/media?parent=3249"}],"curies":[{"name":"wp","href":"https:\/\/api.w.org\/{rel}","templated":true}]}}