{"id":3210,"date":"2022-03-15T17:23:00","date_gmt":"2022-03-15T17:23:00","guid":{"rendered":"https:\/\/the7.io\/winery\/?page_id=3210"},"modified":"2024-05-09T17:29:52","modified_gmt":"2024-05-09T17:29:52","slug":"terms-conditions","status":"publish","type":"page","link":"https:\/\/vinoenvivo.com\/index.php\/terms-conditions\/","title":{"rendered":"Pol\u00edticas de cookies"},"content":{"rendered":"\t\t<div data-elementor-type=\"wp-page\" data-elementor-id=\"3210\" class=\"elementor elementor-3210\" data-elementor-post-type=\"page\">\n\t\t\t\t\t\t<section class=\"elementor-section elementor-top-section elementor-element elementor-element-2d1853c2 elementor-section-boxed elementor-section-height-default elementor-section-height-default\" data-id=\"2d1853c2\" data-element_type=\"section\" data-e-type=\"section\">\n\t\t\t\t\t\t<div class=\"elementor-container elementor-column-gap-wide\">\n\t\t\t\t\t<div class=\"elementor-column elementor-col-100 elementor-top-column elementor-element elementor-element-74faa090\" data-id=\"74faa090\" data-element_type=\"column\" data-e-type=\"column\">\n\t\t\t<div class=\"elementor-widget-wrap elementor-element-populated\">\n\t\t\t\t\t\t<div class=\"elementor-element elementor-element-29fa5c2c elementor-widget elementor-widget-spacer\" data-id=\"29fa5c2c\" data-element_type=\"widget\" data-e-type=\"widget\" data-widget_type=\"spacer.default\">\n\t\t\t\t<div class=\"elementor-widget-container\">\n\t\t\t\t\t\t\t<div class=\"elementor-spacer\">\n\t\t\t<div class=\"elementor-spacer-inner\"><\/div>\n\t\t<\/div>\n\t\t\t\t\t\t<\/div>\n\t\t\t\t<\/div>\n\t\t\t\t<div class=\"elementor-element elementor-element-45732648 elementor-widget elementor-widget-spacer\" data-id=\"45732648\" data-element_type=\"widget\" data-e-type=\"widget\" data-widget_type=\"spacer.default\">\n\t\t\t\t<div class=\"elementor-widget-container\">\n\t\t\t\t\t\t\t<div class=\"elementor-spacer\">\n\t\t\t<div class=\"elementor-spacer-inner\"><\/div>\n\t\t<\/div>\n\t\t\t\t\t\t<\/div>\n\t\t\t\t<\/div>\n\t\t\t\t<div class=\"elementor-element elementor-element-3fcfd389 elementor-widget elementor-widget-text-editor\" data-id=\"3fcfd389\" data-element_type=\"widget\" data-e-type=\"widget\" data-widget_type=\"text-editor.default\">\n\t\t\t\t<div class=\"elementor-widget-container\">\n\t\t\t\t\t\t\t\t\t<article id=\"post-1766\" class=\"post-1766 page type-page status-publish hentry\"><div class=\"entry-content\"><h2>INFORMACI\u00d3N ADICIONAL SOBRE NUESTRA POLITICA DE COOKIES<\/h2><p><strong>Vinoenvivo.com<\/strong> puede recopilar informaci\u00f3n sobre los h\u00e1bitos de b\u00fasqueda de los usuarios del website por medio de cookies o archivos de registro. No se utilizar\u00e1n las cookies para recoger informaci\u00f3n de car\u00e1cter personal. Solamente se instalar\u00e1n si el Usuario permanece y contin\u00faa navegando en nuestra p\u00e1gina web, entendiendo que consiente su uso e instalaci\u00f3n. A continuaci\u00f3n, proporcionamos informaci\u00f3n detallada sobre qu\u00e9 es una cookie, para qu\u00e9 sirve, qu\u00e9 tipos de cookies utilizamos, cu\u00e1les son sus finalidades y c\u00f3mo puede configurarlas o deshabilitarlas si as\u00ed lo desea.<\/p><h3>a)\u00a0\u00bfQu\u00e9 es una cookie y para qu\u00e9 sirve?<\/h3><p>Una \u201cCookie\u201d es un peque\u00f1o archivo que se almacena en el ordenador del usuario, Tablet, smartphone o cualquier otro dispositivo con informaci\u00f3n sobre la navegaci\u00f3n.<\/p><p>El conjunto de \u201ccookies\u201d de todos nuestros usuarios nos ayuda a mejorar la calidad de nuestra web, permiti\u00e9ndonos controlar qu\u00e9 p\u00e1ginas son \u00fatiles, cu\u00e1les no y cu\u00e1les son susceptibles de mejora.<\/p><p>Las cookies son esenciales para el funcionamiento de Internet, aportando innumerables ventajas en la prestaci\u00f3n de servicios interactivos, facilit\u00e1ndole la navegaci\u00f3n y usabilidad de nuestro website.<\/p><p>En ning\u00fan caso las cookies podr\u00edan da\u00f1ar su equipo. Por contra, el que est\u00e9n activas nos ayuda a identificar y resolver los errores.<\/p><h3>b)\u00a0\u00bfQu\u00e9 tipos de cookies utilizamos?<\/h3><h4>Seg\u00fan la entidad que la gestiona:<\/h4><ul><li><strong>Cookies propias:<\/strong> Son aquellas que se env\u00edan a su equipo desde nuestros propios equipos o dominios y desde el que prestamos el servicio que nos solicita.<\/li><li><strong>Cookies de terceros:<\/strong> Son aquellas que se env\u00edan a su equipo desde un equipo o dominio que no es gestionado por nosotros, sino por otra entidad colaboradora. Como, por ejemplo, las usadas por redes sociales, o por contenido externo como Google Maps.<\/li><\/ul><h4>Seg\u00fan el plazo de tiempo que permanecen activadas:<\/h4><ul><li><strong>Cookies de sesi\u00f3n:<\/strong> Son cookies temporales que permanecen en el archivo de cookies de su navegador hasta que el Usuario abandona la p\u00e1gina web, por lo que ninguna queda registrada en el disco duro de su ordenador. La informaci\u00f3n obtenida por medio de estas cookies, sirven para analizar pautas de tr\u00e1fico en el website. A la larga, esto nos permite proporcionar una mejor experiencia para mejorar el contenido y facilitar su uso.<\/li><li><strong>Cookies persistentes:<\/strong> son almacenadas en el disco duro y nuestra web las lee cada vez que el Usuario realiza una nueva visita. Una cookie permanente posee una fecha de expiraci\u00f3n determinada. La cookie dejar\u00e1 de funcionar despu\u00e9s de esa fecha. Estas cookies las utilizamos, generalmente, para facilitar los servicios de compra y registro.<\/li><\/ul><h4>Seg\u00fan su finalidad:<\/h4><ul><li><strong>Cookies t\u00e9cnicas:<\/strong> Son aquellas necesarias para la navegaci\u00f3n y el buen funcionamiento de nuestro website. Permiten, por ejemplo, controlar el tr\u00e1fico y la comunicaci\u00f3n de datos, acceder a partes de acceso restringido, realizar el proceso de compra de un pedido, utilizar elementos de seguridad, almacenar contenidos para poder difundir v\u00eddeos o compartir contenidos a trav\u00e9s de redes sociales.<\/li><li><strong>Cookies de personalizaci\u00f3n<\/strong>: Son aqu\u00e9llas que permiten al Usuario acceder al servicio con unas caracter\u00edsticas predefinidas en funci\u00f3n de una serie de criterios, como por ejemplo el idioma, el tipo de navegador a trav\u00e9s del cual se accede al servicio, la configuraci\u00f3n regional desde donde se accede al servicio, etc.<\/li><li><strong>Cookies de an\u00e1lisis:<\/strong> Son aqu\u00e9llas que nos permiten cuantificar el n\u00famero de usuarios y as\u00ed realizar la medici\u00f3n y an\u00e1lisis estad\u00edstico de la utilizaci\u00f3n que hacen los usuarios de los servicios prestados.<br \/>Para ello se analiza su navegaci\u00f3n en nuestro website con el fin de mejorar la oferta de productos y servicios que ofrecemos.<\/li><li><strong>Cookies publicitarias<\/strong>: Son aqu\u00e9llas que permiten la gesti\u00f3n, de la forma m\u00e1s eficaz posible, de los espacios publicitarios que se pudieran incluir en nuestro website.<\/li><li><strong>Cookies de publicidad comportamental:<\/strong> Estas cookies almacenan informaci\u00f3n del comportamiento de los usuarios obtenida a trav\u00e9s de la observaci\u00f3n continuada. Gracias a ellas, podr\u00edamos conocer los h\u00e1bitos de navegaci\u00f3n en Internet y mostrarle publicidad relacionada con su perfil de navegaci\u00f3n.<\/li><\/ul><h3>c) Finalidad de cada una de las cookies utilizadas:<\/h3><p>A continuaci\u00f3n, detallamos las cookies utilizadas en nuestra web y el proveedor al que pertenecen.<\/p><p>Cookies propias son las que pertenecen a nuestro dominio y cookies de terceros son las que pertenecen a otros dominios seg\u00fan la tabla siguiente:<\/p><p>\u00a0<\/p><p>\u00a0<\/p><table class=\"aviso-legal\"><tbody><tr><td><strong>COOKIE<\/strong><\/td><td><strong>NOMBRE<\/strong><\/td><td><strong>TIPO<\/strong><\/td><td><strong>PROP\u00d3SITO<\/strong><\/td><td><strong>M\u00c1S INFORMACI\u00d3N<\/strong><\/td><\/tr><tr><td>Addtoany<\/td><td>__cfduid<\/td><td>De terceros t\u00e9cnicas y anal\u00edticas<\/td><td>Seguimiento de p\u00e1ginas compartidas por el usuario<\/td><td><a href=\"https:\/\/www.addtoany.com\/privacy\">Web Addtoany<\/a><\/td><\/tr><tr><td>WordPress<\/td><td>wordpress_logged_in_&lt;id&gt;<br \/>wordpress_sec_&lt;id&gt;<br \/>wordpress_sec_&lt;id&gt;<br \/>wordpress_test_cookie<br \/>wp-settings-1<br \/>wp-settings-time-1<br \/>ywsl_wp_session<\/td><td>Propias t\u00e9cnicas y de personalizaci\u00f3n<\/td><td>Se activa durante el login y guarda los detalles de autentificaci\u00f3n y de personalizaci\u00f3n de la sesi\u00f3n de usuario<\/td><td>Web WordPress<\/td><\/tr><tr><td>PHP<\/td><td>PHPSESSID<\/td><td>Propia, de sesi\u00f3n y t\u00e9cnica<\/td><td>Esta cookie es usado por PHP para permitir que las variables de sesi\u00f3n sean guardadas en el servidor web<\/td><td>\u00a0<\/td><\/tr><tr><td>Hosting<\/td><td>xxlplan<br \/>xxlplanBAK<\/td><td>De terceros,\u00a0 t\u00e9cnica<\/td><td>Estas cookies pertenecen al servidor donde est\u00e1 alojado el sitio web y analiza el tr\u00e1fico del plan de alojamiento.<\/td><td>\u00a0<\/td><\/tr><tr><td>Google<\/td><td>NID<br \/>ANID<br \/>IDE<br \/>OGPC<br \/>Consent<\/td><td>De terceros, an\u00e1lisis, publicidad<\/td><td>Almacenan preferencias de navegaci\u00f3n y de anuncios<\/td><td><a href=\"https:\/\/policies.google.com\/technologies\/types?hl=es\">Cookies de Google<\/a><\/td><\/tr><tr><td>Google<\/td><td>SID<br \/>HSID<\/td><td>De terceros, seguridad, sesi\u00f3n<\/td><td>Autenticaci\u00f3n segura de usuarios<\/td><td><a href=\"https:\/\/policies.google.com\/technologies\/types?hl=es\">Cookies de Google<\/a><\/td><\/tr><tr><td>Google<\/td><td>Conversion<\/td><td>De terceros, an\u00e1lisis, publicidad<\/td><td>Seguimiento de conversiones de Google Analytics<\/td><td><a href=\"https:\/\/policies.google.com\/technologies\/types?hl=es\">Cookies de Google<\/a><\/td><\/tr><tr><td>Google<\/td><td>AID<br \/>DSID<br \/>TAID<\/td><td>De terceros, an\u00e1lisis, publicidad<\/td><td>Personalizaci\u00f3n de anuncios para el usuario<\/td><td><a href=\"https:\/\/policies.google.com\/technologies\/types?hl=es\">Cookies de Google<\/a><\/td><\/tr><tr><td>Google<\/td><td>_ga<\/td><td>De terceros, an\u00e1lisis, persistente<\/td><td>Identifica a los usuarios para el seguimiento en Google Analytics<\/td><td><a href=\"https:\/\/developers.google.com\/analytics\/devguides\/collection\/analyticsjs\/cookie-usage?hl=es\">Cookies de Google Analytics<\/a><\/td><\/tr><tr><td>Google<\/td><td>UULE<\/td><td>De terceros, an\u00e1lisis, t\u00e9nica<\/td><td>Cookie de Geolocalizaci\u00f3n de Google Maps<\/td><td><a href=\"https:\/\/policies.google.com\/technologies\/types?hl=es\">Cookies de Google<\/a><\/td><\/tr><tr><td>Instagram<\/td><td>Csfrtoken<br \/>ds_usr_id<br \/>ig_cb<br \/>mcd<br \/>mid<br \/>rur<br \/>sessionid<br \/>shbid<br \/>shbts<br \/>urlgen<br \/>fbm_<\/td><td>De terceros, t\u00e9cnicas<\/td><td>Permitir interactuar con Instagram para mostrar sus im\u00e1genes en la web<\/td><td><a href=\"https:\/\/help.instagram.com\/1896641480634370\">Pol\u00edtica de Cookies Instagram<\/a><\/td><\/tr><\/tbody><\/table><h3>d) \u00bfC\u00f3mo puede el Usuario configurar o deshabilitar las cookies?<\/h3><p>Puede\u00a0permitir, bloquear o eliminar las cookies instaladas en su equipo\u00a0mediante la configuraci\u00f3n de las opciones de su navegador de Internet. En caso de que no permita la instalaci\u00f3n de cookies en su navegador es posible que no pueda acceder a algunos de los servicios y que su experiencia en el website pueda resultar menos satisfactoria.<\/p><ul><li><strong>Firefox<\/strong>: <a href=\"http:\/\/support.mozilla.org\/es\/kb\/habilitar-y-deshabilitar-cookies-que-los-sitios-we\">http:\/\/support.mozilla.org\/es\/kb\/habilitar-y-deshabilitar-cookies-que-los-sitios-we<\/a><\/li><li><strong>Chrome:<\/strong> <a href=\"http:\/\/support.google.com\/chrome\/bin\/answer.py?hl=es&amp;answer=95647\">http:\/\/support.google.com\/chrome\/bin\/answer.py?hl=es&amp;answer=95647<\/a><\/li><li><strong>Explorer<\/strong>: <a href=\"https:\/\/support.microsoft.com\/es-es\/help\/17442\">https:\/\/support.microsoft.com\/es-es\/help\/17442<\/a><\/li><li><strong>Safari<\/strong>: <a href=\"http:\/\/support.apple.com\/kb\/ph5042\">http:\/\/support.apple.com\/kb\/ph5042<\/a><\/li><li><strong>Opera:<\/strong> <a href=\"http:\/\/help.opera.com\/Windows\/11.50\/es-ES\/cookies.html\">http:\/\/help.opera.com\/Windows\/11.50\/es-ES\/cookies.html<\/a><\/li><li><strong>Otros navegadores:<\/strong> consulte la documentaci\u00f3n del navegador que tenga instalado.<\/li><\/ul><\/div><\/article><p><strong>\u00a0<\/strong><\/p>\t\t\t\t\t\t\t\t<\/div>\n\t\t\t\t<\/div>\n\t\t\t\t<div class=\"elementor-element elementor-element-66895f7b elementor-widget elementor-widget-spacer\" data-id=\"66895f7b\" data-element_type=\"widget\" data-e-type=\"widget\" data-widget_type=\"spacer.default\">\n\t\t\t\t<div class=\"elementor-widget-container\">\n\t\t\t\t\t\t\t<div class=\"elementor-spacer\">\n\t\t\t<div class=\"elementor-spacer-inner\"><\/div>\n\t\t<\/div>\n\t\t\t\t\t\t<\/div>\n\t\t\t\t<\/div>\n\t\t\t\t<div class=\"elementor-element elementor-element-35782831 elementor-widget elementor-widget-spacer\" data-id=\"35782831\" data-element_type=\"widget\" data-e-type=\"widget\" data-widget_type=\"spacer.default\">\n\t\t\t\t<div class=\"elementor-widget-container\">\n\t\t\t\t\t\t\t<div class=\"elementor-spacer\">\n\t\t\t<div class=\"elementor-spacer-inner\"><\/div>\n\t\t<\/div>\n\t\t\t\t\t\t<\/div>\n\t\t\t\t<\/div>\n\t\t\t\t\t<\/div>\n\t\t<\/div>\n\t\t\t\t\t<\/div>\n\t\t<\/section>\n\t\t\t\t<\/div>\n\t\t","protected":false},"excerpt":{"rendered":"<p>INFORMACI\u00d3N ADICIONAL SOBRE NUESTRA POLITICA DE COOKIES Vinoenvivo.com puede recopilar informaci\u00f3n sobre los h\u00e1bitos de b\u00fasqueda de los usuarios del website por medio de cookies o archivos de registro. No se utilizar\u00e1n las cookies para recoger informaci\u00f3n de car\u00e1cter personal. Solamente se instalar\u00e1n si el Usuario permanece y contin\u00faa navegando en nuestra p\u00e1gina web, entendiendo&hellip;<\/p>\n","protected":false},"author":1,"featured_media":47,"parent":0,"menu_order":99,"comment_status":"closed","ping_status":"closed","template":"","meta":{"footnotes":""},"class_list":["post-3210","page","type-page","status-publish","has-post-thumbnail","hentry"],"_links":{"self":[{"href":"https:\/\/vinoenvivo.com\/index.php\/wp-json\/wp\/v2\/pages\/3210","targetHints":{"allow":["GET"]}}],"collection":[{"href":"https:\/\/vinoenvivo.com\/index.php\/wp-json\/wp\/v2\/pages"}],"about":[{"href":"https:\/\/vinoenvivo.com\/index.php\/wp-json\/wp\/v2\/types\/page"}],"author":[{"embeddable":true,"href":"https:\/\/vinoenvivo.com\/index.php\/wp-json\/wp\/v2\/users\/1"}],"replies":[{"embeddable":true,"href":"https:\/\/vinoenvivo.com\/index.php\/wp-json\/wp\/v2\/comments?post=3210"}],"version-history":[{"count":6,"href":"https:\/\/vinoenvivo.com\/index.php\/wp-json\/wp\/v2\/pages\/3210\/revisions"}],"predecessor-version":[{"id":3726,"href":"https:\/\/vinoenvivo.com\/index.php\/wp-json\/wp\/v2\/pages\/3210\/revisions\/3726"}],"wp:featuredmedia":[{"embeddable":true,"href":"https:\/\/vinoenvivo.com\/index.php\/wp-json\/wp\/v2\/media\/47"}],"wp:attachment":[{"href":"https:\/\/vinoenvivo.com\/index.php\/wp-json\/wp\/v2\/media?parent=3210"}],"curies":[{"name":"wp","href":"https:\/\/api.w.org\/{rel}","templated":true}]}}